{"id":236,"date":"2022-11-28T18:39:39","date_gmt":"2022-11-28T21:39:39","guid":{"rendered":"https:\/\/ledcba.com\/v1\/?page_id=236"},"modified":"2025-07-21T23:53:01","modified_gmt":"2025-07-22T02:53:01","slug":"decoracion-led","status":"publish","type":"page","link":"https:\/\/ledcba.com\/v1\/decoracion-led\/","title":{"rendered":"decoraci\u00f3n led"},"content":{"rendered":"\n<main class=\"wp-block-group alignfull site-content has-background has-global-padding is-layout-constrained wp-block-group-is-layout-constrained\" style=\"background:linear-gradient(180deg,rgb(14,21,31) 0%,rgb(14,21,31) 73%,rgb(249,250,253) 73%,rgb(249,250,253) 100%);margin-top:0\">\n<main class=\"wp-block-group alignfull site-content has-background has-global-padding is-layout-constrained wp-block-group-is-layout-constrained\" style=\"background:linear-gradient(180deg,rgb(14,21,31) 0%,rgb(14,21,31) 73%,rgb(249,250,253) 73%,rgb(249,250,253) 100%);margin-top:0\">\n<div class=\"wp-block-cover alignfull is-repeated has-aspect-ratio\" style=\"min-height:50px;aspect-ratio:auto;min-height:unset;\"><div class=\"wp-block-cover__image-background wp-image-498 size-large is-repeated\" style=\"background-position:50% 50%;background-image:url(https:\/\/ledcba.com\/v1\/wp-content\/uploads\/2023\/02\/wallpaperflare.com_wallpaper-1024x576.jpg)\"><\/div><span aria-hidden=\"true\" class=\"wp-block-cover__background has-header-footer-background-color has-background-dim-20 has-background-dim\"><\/span><div class=\"wp-block-cover__inner-container is-layout-flow wp-block-cover-is-layout-flow\">\n<p class=\"has-text-align-center has-large-font-size\"><img loading=\"lazy\" decoding=\"async\" width=\"150\" height=\"150\" class=\"wp-image-1170\" style=\"width: 150px;\" src=\"https:\/\/ledcba.com\/v1\/wp-content\/uploads\/2025\/07\/logo-2025-LEDCBA-sin-borde.png\" alt=\"\" srcset=\"https:\/\/ledcba.com\/v1\/wp-content\/uploads\/2025\/07\/logo-2025-LEDCBA-sin-borde.png 1330w, https:\/\/ledcba.com\/v1\/wp-content\/uploads\/2025\/07\/logo-2025-LEDCBA-sin-borde-300x300.png 300w, https:\/\/ledcba.com\/v1\/wp-content\/uploads\/2025\/07\/logo-2025-LEDCBA-sin-borde-1024x1024.png 1024w, https:\/\/ledcba.com\/v1\/wp-content\/uploads\/2025\/07\/logo-2025-LEDCBA-sin-borde-150x150.png 150w, https:\/\/ledcba.com\/v1\/wp-content\/uploads\/2025\/07\/logo-2025-LEDCBA-sin-borde-768x768.png 768w\" sizes=\"auto, (max-width: 150px) 100vw, 150px\" \/><\/p>\n<\/div><\/div>\n<\/main>\n<\/main>\n\n\n\n<div class=\"wp-block-columns alignwide are-vertically-aligned-center is-style-default has-background is-layout-flex wp-container-core-columns-is-layout-2f89d8ff wp-block-columns-is-layout-flex\" style=\"border-radius:20px;background-color:#202020;margin-top:var(--wp--preset--spacing--x-small);margin-bottom:var(--wp--preset--spacing--x-small);padding-top:0;padding-bottom:0\">\n<div class=\"wp-block-column is-layout-flow wp-block-column-is-layout-flow\"><h2 style=\"padding-top:var(--wp--preset--spacing--x-small);padding-bottom:0;\" class=\"wp-block-post-title\">decoraci\u00f3n led<\/h2>\n\n\n<p>TODOS NUESTROS PRODUCTOS SE ENV\u00cdAN TESTEADOS.<br><br>En LEDCBA tenemos la misi\u00f3n de cuidar a nuestros clientes d\u00eda a d\u00eda.<br>SOLO SE REALIZA FACTURA A O B. No se emite FACTURA E.<\/p>\n\n\n\n<div class=\"wp-block-buttons is-content-justification-left is-layout-flex wp-container-core-buttons-is-layout-96b85430 wp-block-buttons-is-layout-flex\" style=\"margin-top:var(--wp--preset--spacing--x-small);margin-bottom:var(--wp--preset--spacing--x-small);padding-top:0;padding-bottom:0\">\n<div class=\"wp-block-button has-custom-width wp-block-button__width-50 is-style-fill\"><a class=\"wp-block-button__link has-background has-text-align-center wp-element-button\" href=\"https:\/\/tienda.ledcba.com\/\" style=\"background-color:#ff6900\" target=\"_blank\" rel=\"noreferrer noopener\">Tienda OFICIAL<\/a><\/div>\n<\/div>\n<\/div>\n<\/div>\n","protected":false},"excerpt":{"rendered":"","protected":false},"author":1,"featured_media":0,"parent":0,"menu_order":0,"comment_status":"closed","ping_status":"closed","template":"no-title","meta":{"footnotes":""},"class_list":["post-236","page","type-page","status-publish","hentry"],"_links":{"self":[{"href":"https:\/\/ledcba.com\/v1\/wp-json\/wp\/v2\/pages\/236","targetHints":{"allow":["GET"]}}],"collection":[{"href":"https:\/\/ledcba.com\/v1\/wp-json\/wp\/v2\/pages"}],"about":[{"href":"https:\/\/ledcba.com\/v1\/wp-json\/wp\/v2\/types\/page"}],"author":[{"embeddable":true,"href":"https:\/\/ledcba.com\/v1\/wp-json\/wp\/v2\/users\/1"}],"replies":[{"embeddable":true,"href":"https:\/\/ledcba.com\/v1\/wp-json\/wp\/v2\/comments?post=236"}],"version-history":[{"count":34,"href":"https:\/\/ledcba.com\/v1\/wp-json\/wp\/v2\/pages\/236\/revisions"}],"predecessor-version":[{"id":1203,"href":"https:\/\/ledcba.com\/v1\/wp-json\/wp\/v2\/pages\/236\/revisions\/1203"}],"wp:attachment":[{"href":"https:\/\/ledcba.com\/v1\/wp-json\/wp\/v2\/media?parent=236"}],"curies":[{"name":"wp","href":"https:\/\/api.w.org\/{rel}","templated":true}]}}